{"id":1614,"date":"2022-06-20T15:45:26","date_gmt":"2022-06-20T20:45:26","guid":{"rendered":"http:\/\/hermanos-seguros.seven.zysites.com\/about-us-2\/"},"modified":"2026-02-05T09:12:35","modified_gmt":"2026-02-05T15:12:35","slug":"about-us-2","status":"publish","type":"page","link":"https:\/\/www.hermanossegurosagency.com\/es\/about-us-2\/","title":{"rendered":"Sobre nosotras"},"content":{"rendered":"<p>Hermanos Seguros Agency es una aseguradora de confianza que presta sus servicios con orgullo a la comunidad de Longview, Texas. Nos especializamos en soluciones de seguros tanto personales como comerciales, ayudando a familias y empresas a proteger lo que m\u00e1s les importa. Como agencia con ra\u00edces locales, damos prioridad al asesoramiento honesto, al servicio amable y a la cobertura personalizada que se adapta a sus necesidades y a su presupuesto. Tanto si desea proteger su hogar, su veh\u00edculo o su negocio, Hermanos Seguros Agency est\u00e1 aqu\u00ed para ofrecerle una protecci\u00f3n fiable y tranquilidad.<\/p>\n<p>&nbsp;<\/p>\n","protected":false},"excerpt":{"rendered":"<p>Hermanos Seguros Agency es una aseguradora de confianza que presta sus servicios con orgullo a la comunidad de Longview, Texas. Nos especializamos en soluciones de seguros tanto personales como comerciales, ayudando a familias y empresas a proteger lo que m\u00e1s les importa. Como agencia con ra\u00edces locales, damos prioridad al asesoramiento honesto, al servicio amable [&hellip;]<\/p>\n","protected":false},"author":69,"featured_media":0,"parent":0,"menu_order":0,"comment_status":"open","ping_status":"open","template":"","meta":{"_acf_changed":false,"_seopress_robots_primary_cat":"","_seopress_titles_title":"","_seopress_titles_desc":"","_seopress_robots_index":"","_analytify_skip_tracking":false,"footnotes":""},"class_list":["post-1614","page","type-page","status-publish","hentry"],"acf":[],"_links":{"self":[{"href":"https:\/\/www.hermanossegurosagency.com\/es\/wp-json\/wp\/v2\/pages\/1614","targetHints":{"allow":["GET"]}}],"collection":[{"href":"https:\/\/www.hermanossegurosagency.com\/es\/wp-json\/wp\/v2\/pages"}],"about":[{"href":"https:\/\/www.hermanossegurosagency.com\/es\/wp-json\/wp\/v2\/types\/page"}],"author":[{"embeddable":true,"href":"https:\/\/www.hermanossegurosagency.com\/es\/wp-json\/wp\/v2\/users\/69"}],"replies":[{"embeddable":true,"href":"https:\/\/www.hermanossegurosagency.com\/es\/wp-json\/wp\/v2\/comments?post=1614"}],"version-history":[{"count":0,"href":"https:\/\/www.hermanossegurosagency.com\/es\/wp-json\/wp\/v2\/pages\/1614\/revisions"}],"wp:attachment":[{"href":"https:\/\/www.hermanossegurosagency.com\/es\/wp-json\/wp\/v2\/media?parent=1614"}],"curies":[{"name":"wp","href":"https:\/\/api.w.org\/{rel}","templated":true}]}}